{"id":118,"date":"2018-11-24T14:04:01","date_gmt":"2018-11-24T13:04:01","guid":{"rendered":"https:\/\/jurissecours.wordpress.com\/?page_id=2"},"modified":"2024-02-16T14:11:23","modified_gmt":"2024-02-16T13:11:23","slug":"a-propos","status":"publish","type":"page","link":"https:\/\/www.jurissecours.org\/","title":{"rendered":"Pr\u00e9sentation"},"content":{"rendered":"\n<p>Juris Secours est une association cr\u00e9\u00e9e par des <a href=\"http:\/\/www.avocatparis.org\/entre-nous\/associations\/juris-secours\">avocats du Barreau de Paris<\/a>&nbsp;afin de favoriser l&rsquo;acc\u00e8s au Droit et \u00e0 la Justice.<\/p>\n\n\n\n<p><span style=\"color: #000000;\">Avocats et Juristes &#8211; professionnels et b\u00e9n\u00e9voles &#8211; d\u00e9ploient depuis 1991 une diversit\u00e9 d&rsquo;actions afin d&rsquo;aider les personnes en situation de pr\u00e9carit\u00e9 \u00e0 conna\u00eetre et \u00a0\u00e0 exercer les droits dont elles sont titulaires.<\/span><\/p>\n\n\n\n<p><span style=\"color: #000000;\">Juris Secours forme \u00e9galement les intervenants et professionnels du champ social en leur donnant les outils et informations juridiques utiles \u00e0 l&rsquo;exercice de leurs missions.<\/span><\/p>\n\n\n\n<h2 class=\"has-text-align-center wp-block-heading\"><span style=\"color: #008080;\"><strong>NOS MISSIONS&nbsp;<\/strong><\/span><\/h2>\n\n\n\n<ul><li><span style=\"color: #000000;\">Favoriser l&rsquo;acc\u00e8s au Droit et \u00e0 la Justice<\/span><\/li><li><span style=\"color: #000000;\">Eduquer \u00e0 la citoyennet\u00e9 et aux m\u00e9dias<\/span><\/li><li><span style=\"color: #000000;\">Pr\u00e9venir et combattre les discriminations<\/span><\/li><li><span style=\"color: #000000;\">Pr\u00e9venir et combattre les violences faites aux femmes et aux jeunes filles<\/span><\/li><li>Pr\u00e9venir toutes les formes d&rsquo;incivilit\u00e9 et de violence<\/li><li><span style=\"color: #000000;\">Promouvoir les Droits de l&rsquo;Homme<\/span><\/li><li><span style=\"color: #000000;\">Construire un sentiment d&rsquo;appartenance \u00e0 la soci\u00e9t\u00e9 fran\u00e7aise et \u00e0 l&rsquo;Europe<\/span><\/li><li><span style=\"color: #000000;\">Cr\u00e9er des r\u00e9seaux d&rsquo;entraide et de solidarit\u00e9 au b\u00e9n\u00e9fice des populations vuln\u00e9rables<\/span><\/li><li><span style=\"color: #000000;\">Favoriser la formation, l&rsquo;insertion professionnelle et les initiatives entrepreneuriales<\/span><\/li><\/ul>\n","protected":false},"excerpt":{"rendered":"<p>Juris Secours est une association cr\u00e9\u00e9e par des avocats du Barreau de Paris&nbsp;afin de favoriser l&rsquo;acc\u00e8s au Droit et \u00e0 la Justice. Avocats et Juristes &#8211; professionnels et b\u00e9n\u00e9voles &#8211; d\u00e9ploient depuis 1991 une diversit\u00e9 d&rsquo;actions afin d&rsquo;aider les personnes en situation de pr\u00e9carit\u00e9 \u00e0 conna\u00eetre et \u00a0\u00e0 exercer les droits dont elles sont titulaires. [&hellip;]<\/p>\n","protected":false},"author":2,"featured_media":0,"parent":0,"menu_order":1,"comment_status":"closed","ping_status":"closed","template":"","meta":{"jetpack_post_was_ever_published":false,"footnotes":""},"jetpack_sharing_enabled":false,"jetpack_shortlink":"https:\/\/wp.me\/P9VDbi-1U","_links":{"self":[{"href":"https:\/\/www.jurissecours.org\/index.php\/wp-json\/wp\/v2\/pages\/118"}],"collection":[{"href":"https:\/\/www.jurissecours.org\/index.php\/wp-json\/wp\/v2\/pages"}],"about":[{"href":"https:\/\/www.jurissecours.org\/index.php\/wp-json\/wp\/v2\/types\/page"}],"author":[{"embeddable":true,"href":"https:\/\/www.jurissecours.org\/index.php\/wp-json\/wp\/v2\/users\/2"}],"replies":[{"embeddable":true,"href":"https:\/\/www.jurissecours.org\/index.php\/wp-json\/wp\/v2\/comments?post=118"}],"version-history":[{"count":11,"href":"https:\/\/www.jurissecours.org\/index.php\/wp-json\/wp\/v2\/pages\/118\/revisions"}],"predecessor-version":[{"id":5556,"href":"https:\/\/www.jurissecours.org\/index.php\/wp-json\/wp\/v2\/pages\/118\/revisions\/5556"}],"wp:attachment":[{"href":"https:\/\/www.jurissecours.org\/index.php\/wp-json\/wp\/v2\/media?parent=118"}],"curies":[{"name":"wp","href":"https:\/\/api.w.org\/{rel}","templated":true}]}}