{"id":307,"date":"2018-11-24T10:00:46","date_gmt":"2018-11-24T09:00:46","guid":{"rendered":"http:\/\/jurissecours.fr\/?page_id=307"},"modified":"2024-02-16T14:35:26","modified_gmt":"2024-02-16T13:35:26","slug":"notre-projet","status":"publish","type":"page","link":"https:\/\/www.jurissecours.org\/index.php\/notre-projet\/","title":{"rendered":"Notre Projet"},"content":{"rendered":"<p align=\"justify\">Implant\u00e9e \u00e0 Paris, en Seine-Saint-Denis et en Essonne, l&rsquo;association permet \u00e0 de nombreuses personnes en situation de pr\u00e9carit\u00e9 et d&rsquo;exclusion de conna\u00eetre et d&rsquo;exercer les droits dont elles sont titulaires. Elle favorise \u00e9galement la coh\u00e9sion sociale par de nombreux ateliers de sensibilisation.<\/p>\n<p align=\"justify\"><strong>En 2022 :<\/strong><\/p>\n<ul>\n<li>les permanences juridiques d&rsquo;Acc\u00e8s aux Droits ont b\u00e9n\u00e9fici\u00e9 \u00e0 <strong>1404\u00a0personnes<\/strong>,<\/li>\n<li>les Point Ecoute Femmes ont permis d&rsquo;accompagner <strong>608\u00a0femmes et jeunes filles victimes<\/strong> de violences et\/ou de discriminations,<\/li>\n<li>les actions de Soutien \u00e0 la Parentalit\u00e9 ont concern\u00e9 <strong>382\u00a0familles<\/strong>,<\/li>\n<li>les permanences Ecrivain Public ont accueilli <strong>928\u00a0usagers<\/strong>,<\/li>\n<li>les ateliers d&rsquo;\u00e9ducation \u00e0 la citoyennet\u00e9 et aux m\u00e9dias ont b\u00e9n\u00e9fici\u00e9 \u00e0 <strong>597\u00a0enfants et adolescents<\/strong>,<\/li>\n<li>la formation des primo-arrivants a \u00e9t\u00e9 men\u00e9e aupr\u00e8s de <strong>43<\/strong>\u00a0<strong>personnes.<\/strong><\/li>\n<\/ul>\n<p style=\"text-align: center;\">\n","protected":false},"excerpt":{"rendered":"<p>Implant\u00e9e \u00e0 Paris, en Seine-Saint-Denis et en Essonne, l&rsquo;association permet \u00e0 de nombreuses personnes en situation de pr\u00e9carit\u00e9 et d&rsquo;exclusion de conna\u00eetre et d&rsquo;exercer les droits dont elles sont titulaires. Elle favorise \u00e9galement la coh\u00e9sion sociale par de nombreux ateliers de sensibilisation. En 2022 : les permanences juridiques d&rsquo;Acc\u00e8s aux Droits ont b\u00e9n\u00e9fici\u00e9 \u00e0 1404\u00a0personnes, [&hellip;]<\/p>\n","protected":false},"author":1,"featured_media":0,"parent":0,"menu_order":0,"comment_status":"closed","ping_status":"closed","template":"","meta":{"jetpack_post_was_ever_published":false,"footnotes":""},"jetpack_sharing_enabled":true,"jetpack_shortlink":"https:\/\/wp.me\/P9VDbi-4X","_links":{"self":[{"href":"https:\/\/www.jurissecours.org\/index.php\/wp-json\/wp\/v2\/pages\/307"}],"collection":[{"href":"https:\/\/www.jurissecours.org\/index.php\/wp-json\/wp\/v2\/pages"}],"about":[{"href":"https:\/\/www.jurissecours.org\/index.php\/wp-json\/wp\/v2\/types\/page"}],"author":[{"embeddable":true,"href":"https:\/\/www.jurissecours.org\/index.php\/wp-json\/wp\/v2\/users\/1"}],"replies":[{"embeddable":true,"href":"https:\/\/www.jurissecours.org\/index.php\/wp-json\/wp\/v2\/comments?post=307"}],"version-history":[{"count":16,"href":"https:\/\/www.jurissecours.org\/index.php\/wp-json\/wp\/v2\/pages\/307\/revisions"}],"predecessor-version":[{"id":5565,"href":"https:\/\/www.jurissecours.org\/index.php\/wp-json\/wp\/v2\/pages\/307\/revisions\/5565"}],"wp:attachment":[{"href":"https:\/\/www.jurissecours.org\/index.php\/wp-json\/wp\/v2\/media?parent=307"}],"curies":[{"name":"wp","href":"https:\/\/api.w.org\/{rel}","templated":true}]}}