{"id":329,"date":"2018-11-24T14:10:17","date_gmt":"2018-11-24T13:10:17","guid":{"rendered":"http:\/\/jurissecours.fr\/?page_id=329"},"modified":"2024-02-16T14:21:19","modified_gmt":"2024-02-16T13:21:19","slug":"point-ecoute-femmes","status":"publish","type":"page","link":"https:\/\/www.jurissecours.org\/index.php\/point-ecoute-femmes\/","title":{"rendered":"Point Ecoute Femmes"},"content":{"rendered":"<p><img fetchpriority=\"high\" decoding=\"async\" class=\"alignright\" src=\"http:\/\/jurissecours.fr\/wp-content\/uploads\/2018\/04\/screen-shot-2018-04-04-at-5-39-13-pm.png\" alt=\"Screen Shot 2018-04-04 at 5.39.13 PM\" width=\"210\" height=\"289\" \/><\/p>\n<p align=\"justify\">Vous \u00eates en difficult\u00e9, vous \u00eates victime de violences ? Juris Secours a mis en place des <strong>POINT ECOUTE FEMMES<\/strong> afin d\u2019apporter aux femmes en difficult\u00e9 un lieu d\u2019\u00e9coute mais aussi un soutien juridique et administratif. Nous accueillons chaque semaine de nombreuses femmes avec ou sans rendez-vous. Chaque permanence est tenue par un juriste ou un avocat de l&rsquo;\u00e9quipe Juris Secours. Nous tentons de les accompagner au mieux face aux difficult\u00e9s rencontr\u00e9es. Les Points \u00c9coute Femmes visent ainsi \u00e0 faciliter l\u2019acc\u00e8s au Droit, et \u00e0 permettre, en particulier, aux femmes victimes de violences et\/ou de discriminations de faire valoir leurs droits.<\/p>\n<p style=\"text-align: center;\"><strong>Prendre Rendez-Vous au POINT ECOUTE FEMMES<\/strong><\/p>\n<p style=\"text-align: center;\" align=\"justify\"><strong> 01 49 51 27 88<\/strong><\/p>\n<p style=\"text-align: center;\" align=\"justify\"><strong>PARIS 13e : 5 impasse Onfroy\u00a0<\/strong><\/p>\n<p style=\"text-align: center;\" align=\"justify\"><strong>BOBIGNY : 4 avenue Paul Eluard\u00a0<\/strong><\/p>\n<p style=\"text-align: center;\" align=\"justify\"><strong>ROSNY-SOUS-BOIS : 66 rue Philibert Hoffmann\u00a0<\/strong><\/p>\n<p style=\"text-align: center;\" align=\"justify\"><strong>EPINAY-SUR-SEINE : 9 rue du Mar\u00e9chal Maison<\/strong><\/p>\n<p style=\"text-align: center;\" align=\"justify\"><strong>DRANCY : Place de l&rsquo;Amiti\u00e9\u00a0<\/strong><\/p>\n<p align=\"justify\">\n","protected":false},"excerpt":{"rendered":"<p>Vous \u00eates en difficult\u00e9, vous \u00eates victime de violences ? Juris Secours a mis en place des POINT ECOUTE FEMMES afin d\u2019apporter aux femmes en difficult\u00e9 un lieu d\u2019\u00e9coute mais aussi un soutien juridique et administratif. Nous accueillons chaque semaine de nombreuses femmes avec ou sans rendez-vous. Chaque permanence est tenue par un juriste ou [&hellip;]<\/p>\n","protected":false},"author":1,"featured_media":0,"parent":0,"menu_order":0,"comment_status":"closed","ping_status":"closed","template":"","meta":{"jetpack_post_was_ever_published":false,"footnotes":""},"jetpack_sharing_enabled":true,"jetpack_shortlink":"https:\/\/wp.me\/P9VDbi-5j","_links":{"self":[{"href":"https:\/\/www.jurissecours.org\/index.php\/wp-json\/wp\/v2\/pages\/329"}],"collection":[{"href":"https:\/\/www.jurissecours.org\/index.php\/wp-json\/wp\/v2\/pages"}],"about":[{"href":"https:\/\/www.jurissecours.org\/index.php\/wp-json\/wp\/v2\/types\/page"}],"author":[{"embeddable":true,"href":"https:\/\/www.jurissecours.org\/index.php\/wp-json\/wp\/v2\/users\/1"}],"replies":[{"embeddable":true,"href":"https:\/\/www.jurissecours.org\/index.php\/wp-json\/wp\/v2\/comments?post=329"}],"version-history":[{"count":11,"href":"https:\/\/www.jurissecours.org\/index.php\/wp-json\/wp\/v2\/pages\/329\/revisions"}],"predecessor-version":[{"id":5562,"href":"https:\/\/www.jurissecours.org\/index.php\/wp-json\/wp\/v2\/pages\/329\/revisions\/5562"}],"wp:attachment":[{"href":"https:\/\/www.jurissecours.org\/index.php\/wp-json\/wp\/v2\/media?parent=329"}],"curies":[{"name":"wp","href":"https:\/\/api.w.org\/{rel}","templated":true}]}}