{"id":332,"date":"2018-11-24T14:11:17","date_gmt":"2018-11-24T13:11:17","guid":{"rendered":"http:\/\/jurissecours.fr\/?page_id=332"},"modified":"2018-11-25T18:03:15","modified_gmt":"2018-11-25T17:03:15","slug":"ateliers-citoyennete","status":"publish","type":"page","link":"https:\/\/www.jurissecours.org\/index.php\/ateliers-citoyennete\/","title":{"rendered":"Education \u00e0 la citoyennet\u00e9"},"content":{"rendered":"<p><img fetchpriority=\"high\" decoding=\"async\" class=\" wp-image-80 alignright\" src=\"http:\/\/jurissecours.fr\/wp-content\/uploads\/2018\/04\/img_0838.jpg\" alt=\"IMG_0838\" width=\"327\" height=\"245\" \/><\/p>\n<p align=\"justify\">Les juristes et avocats de l\u2019association interviennent en aupr\u00e8s des enfants, adolescents et jeunes adultes sur des questions sociales pr\u00e9gnantes\u00a0: racisme, sexisme, discriminations, harc\u00e8lement, cyber-violences, etc.<\/p>\n<p align=\"justify\">Les interventions prennent place au sein des centres sociaux, services jeunesse, associations de soutien scolaire, ou directement au sein d\u2019\u00e9coles, de coll\u00e8ges et de lyc\u00e9es du d\u00e9partement de la Seine-Saint-Denis (Bobigny, Rosny-sous-Bois etc.), dans des formats de 60 \u00e0 90 minutes. Inform\u00e9s des risques l\u00e9gaux et sociaux de certaines pratiques, les b\u00e9n\u00e9ficiaires des ateliers apprennent \u00e0 se prot\u00e9ger des dangers existants.<\/p>\n","protected":false},"excerpt":{"rendered":"<p>Les juristes et avocats de l\u2019association interviennent en aupr\u00e8s des enfants, adolescents et jeunes adultes sur des questions sociales pr\u00e9gnantes\u00a0: racisme, sexisme, discriminations, harc\u00e8lement, cyber-violences, etc. Les interventions prennent place au sein des centres sociaux, services jeunesse, associations de soutien scolaire, ou directement au sein d\u2019\u00e9coles, de coll\u00e8ges et de lyc\u00e9es du d\u00e9partement de la [&hellip;]<\/p>\n","protected":false},"author":1,"featured_media":0,"parent":0,"menu_order":0,"comment_status":"closed","ping_status":"closed","template":"","meta":{"jetpack_post_was_ever_published":false,"footnotes":""},"jetpack_sharing_enabled":true,"jetpack_shortlink":"https:\/\/wp.me\/P9VDbi-5m","_links":{"self":[{"href":"https:\/\/www.jurissecours.org\/index.php\/wp-json\/wp\/v2\/pages\/332"}],"collection":[{"href":"https:\/\/www.jurissecours.org\/index.php\/wp-json\/wp\/v2\/pages"}],"about":[{"href":"https:\/\/www.jurissecours.org\/index.php\/wp-json\/wp\/v2\/types\/page"}],"author":[{"embeddable":true,"href":"https:\/\/www.jurissecours.org\/index.php\/wp-json\/wp\/v2\/users\/1"}],"replies":[{"embeddable":true,"href":"https:\/\/www.jurissecours.org\/index.php\/wp-json\/wp\/v2\/comments?post=332"}],"version-history":[{"count":6,"href":"https:\/\/www.jurissecours.org\/index.php\/wp-json\/wp\/v2\/pages\/332\/revisions"}],"predecessor-version":[{"id":874,"href":"https:\/\/www.jurissecours.org\/index.php\/wp-json\/wp\/v2\/pages\/332\/revisions\/874"}],"wp:attachment":[{"href":"https:\/\/www.jurissecours.org\/index.php\/wp-json\/wp\/v2\/media?parent=332"}],"curies":[{"name":"wp","href":"https:\/\/api.w.org\/{rel}","templated":true}]}}