{"id":335,"date":"2018-11-24T14:12:03","date_gmt":"2018-11-24T13:12:03","guid":{"rendered":"http:\/\/jurissecours.fr\/?page_id=335"},"modified":"2018-11-25T18:05:48","modified_gmt":"2018-11-25T17:05:48","slug":"soutien-a-la-parentalite","status":"publish","type":"page","link":"https:\/\/www.jurissecours.org\/index.php\/soutien-a-la-parentalite\/","title":{"rendered":"Soutien \u00e0 la Parentalit\u00e9"},"content":{"rendered":"<p align=\"justify\">Les juristes et m\u00e9diatrices de l\u2019association animent des modules de soutien \u00e0 la parentalit\u00e9. Dans le d\u00e9partement de la Seine-Saint-Denis et \u00e0 Paris, ces activit\u00e9s permettent \u00e0 des groupes de parents de d\u00e9battre avec des professionnels des milieux sociaux et juridiques des responsabilit\u00e9s parentales\u00a0: droits et devoirs des enfants, droit scolaire, mesures \u00e9ducatives et prise en charge dans des cas d\u2019\u00e9chec scolaire etc. Les interventions visent chaque semaine un aspect de la relation parent-enfant en particulier, avant de discuter de ces diff\u00e9rentes probl\u00e9matiques dans un cadre plus g\u00e9n\u00e9ral.<\/p>\n","protected":false},"excerpt":{"rendered":"<p>Les juristes et m\u00e9diatrices de l\u2019association animent des modules de soutien \u00e0 la parentalit\u00e9. Dans le d\u00e9partement de la Seine-Saint-Denis et \u00e0 Paris, ces activit\u00e9s permettent \u00e0 des groupes de parents de d\u00e9battre avec des professionnels des milieux sociaux et juridiques des responsabilit\u00e9s parentales\u00a0: droits et devoirs des enfants, droit scolaire, mesures \u00e9ducatives et prise [&hellip;]<\/p>\n","protected":false},"author":1,"featured_media":0,"parent":0,"menu_order":0,"comment_status":"closed","ping_status":"closed","template":"","meta":{"jetpack_post_was_ever_published":false,"footnotes":""},"jetpack_sharing_enabled":true,"jetpack_shortlink":"https:\/\/wp.me\/P9VDbi-5p","_links":{"self":[{"href":"https:\/\/www.jurissecours.org\/index.php\/wp-json\/wp\/v2\/pages\/335"}],"collection":[{"href":"https:\/\/www.jurissecours.org\/index.php\/wp-json\/wp\/v2\/pages"}],"about":[{"href":"https:\/\/www.jurissecours.org\/index.php\/wp-json\/wp\/v2\/types\/page"}],"author":[{"embeddable":true,"href":"https:\/\/www.jurissecours.org\/index.php\/wp-json\/wp\/v2\/users\/1"}],"replies":[{"embeddable":true,"href":"https:\/\/www.jurissecours.org\/index.php\/wp-json\/wp\/v2\/comments?post=335"}],"version-history":[{"count":4,"href":"https:\/\/www.jurissecours.org\/index.php\/wp-json\/wp\/v2\/pages\/335\/revisions"}],"predecessor-version":[{"id":876,"href":"https:\/\/www.jurissecours.org\/index.php\/wp-json\/wp\/v2\/pages\/335\/revisions\/876"}],"wp:attachment":[{"href":"https:\/\/www.jurissecours.org\/index.php\/wp-json\/wp\/v2\/media?parent=335"}],"curies":[{"name":"wp","href":"https:\/\/api.w.org\/{rel}","templated":true}]}}