{"id":338,"date":"2018-11-24T14:12:35","date_gmt":"2018-11-24T13:12:35","guid":{"rendered":"http:\/\/jurissecours.fr\/?page_id=338"},"modified":"2018-11-25T18:07:30","modified_gmt":"2018-11-25T17:07:30","slug":"formation-primo-arrivants","status":"publish","type":"page","link":"https:\/\/www.jurissecours.org\/index.php\/formation-primo-arrivants\/","title":{"rendered":"Formation des Primo-arrivants"},"content":{"rendered":"<p align=\"justify\">Les intervenants de l\u2019association s\u2019adressent ici \u00e0 un public constitu\u00e9 de personnes qui sont r\u00e9cemment arriv\u00e9es sur le territoire fran\u00e7ais. La formation consiste donc \u00e0 les accompagner dans leur d\u00e9couverte des valeurs r\u00e9publicaines fran\u00e7aises, \u00e0 leur expliquer comment s\u2019int\u00e9grer au mieux dans la soci\u00e9t\u00e9 fran\u00e7aise ainsi qu\u2019\u00e0 leur d\u00e9signer les points de contact susceptibles de les accueillir pour les diff\u00e9rentes formations qui pourraient les int\u00e9resser.<\/p>\n","protected":false},"excerpt":{"rendered":"<p>Les intervenants de l\u2019association s\u2019adressent ici \u00e0 un public constitu\u00e9 de personnes qui sont r\u00e9cemment arriv\u00e9es sur le territoire fran\u00e7ais. La formation consiste donc \u00e0 les accompagner dans leur d\u00e9couverte des valeurs r\u00e9publicaines fran\u00e7aises, \u00e0 leur expliquer comment s\u2019int\u00e9grer au mieux dans la soci\u00e9t\u00e9 fran\u00e7aise ainsi qu\u2019\u00e0 leur d\u00e9signer les points de contact susceptibles de [&hellip;]<\/p>\n","protected":false},"author":1,"featured_media":0,"parent":0,"menu_order":0,"comment_status":"closed","ping_status":"closed","template":"","meta":{"jetpack_post_was_ever_published":false,"footnotes":""},"jetpack_sharing_enabled":true,"jetpack_shortlink":"https:\/\/wp.me\/P9VDbi-5s","_links":{"self":[{"href":"https:\/\/www.jurissecours.org\/index.php\/wp-json\/wp\/v2\/pages\/338"}],"collection":[{"href":"https:\/\/www.jurissecours.org\/index.php\/wp-json\/wp\/v2\/pages"}],"about":[{"href":"https:\/\/www.jurissecours.org\/index.php\/wp-json\/wp\/v2\/types\/page"}],"author":[{"embeddable":true,"href":"https:\/\/www.jurissecours.org\/index.php\/wp-json\/wp\/v2\/users\/1"}],"replies":[{"embeddable":true,"href":"https:\/\/www.jurissecours.org\/index.php\/wp-json\/wp\/v2\/comments?post=338"}],"version-history":[{"count":4,"href":"https:\/\/www.jurissecours.org\/index.php\/wp-json\/wp\/v2\/pages\/338\/revisions"}],"predecessor-version":[{"id":878,"href":"https:\/\/www.jurissecours.org\/index.php\/wp-json\/wp\/v2\/pages\/338\/revisions\/878"}],"wp:attachment":[{"href":"https:\/\/www.jurissecours.org\/index.php\/wp-json\/wp\/v2\/media?parent=338"}],"curies":[{"name":"wp","href":"https:\/\/api.w.org\/{rel}","templated":true}]}}