{"id":365,"date":"2018-11-24T14:34:56","date_gmt":"2018-11-24T13:34:56","guid":{"rendered":"http:\/\/jurissecours.fr\/?page_id=365"},"modified":"2018-11-25T00:30:10","modified_gmt":"2018-11-24T23:30:10","slug":"agenda","status":"publish","type":"page","link":"https:\/\/www.jurissecours.org\/index.php\/agenda\/","title":{"rendered":"Agenda"},"content":{"rendered":"\r\n\t\t<div class=\"sp_wpspwpost_static wpspw-design-2 wpspw-grid-3 wpspw-clearfix \">\r\n\r\n\t\t\t\r\n<div class=\"wpspw-post-grid wpspw-medium-4 wpspw-columns first\">\r\n\t<div class=\"wpspw-post-grid-content no-thumb-image \">\r\n\r\n\t\t\r\n\t\t<div class=\"wpspw-post-details-wrapper\">\r\n\t\t\t\t\t\t\t<div class=\"wpspw-post-categories\"><a href=\"https:\/\/www.jurissecours.org\/index.php\/category\/non-classe\/\">Non class\u00e9<\/a><\/div>\r\n\t\t\t\r\n\t\t\t<h2 class=\"wpspw-post-title\">\r\n\t\t\t\t<a href=\"https:\/\/www.jurissecours.org\/index.php\/2021\/05\/24\/soutenez-notre-point-ecoute-femmes\/\">SOUTENEZ NOTRE POINT \u00c9COUTE FEMMES !<\/a>\r\n\t\t\t<\/h2>\r\n\r\n\t\t\t\t\t\t\t<div class=\"wpspw-post-content\">\r\n\t\t\t\t\t\t\t\t\t\t\t<div>BONNE NOUVELLE ! Juris Secours a lanc\u00e9 une campagne de financement participatif en partenariat avec la plateforme Ulule et la...<\/div>\r\n\t\t\t\t\t\t<a class=\"wpspw-readmorebtn\" href=\"https:\/\/www.jurissecours.org\/index.php\/2021\/05\/24\/soutenez-notre-point-ecoute-femmes\/\">Read More<\/a>\r\n\t\t\t\t\t\t\t\t\t\t<\/div>\r\n\t\t\t\t\t\t\t<div class=\"wpswp-post-tags\">Tags: <a href=\"https:\/\/www.jurissecours.org\/index.php\/tag\/acces-au-droit\/\" rel=\"tag\">acc\u00e8s au droit<\/a>, <a href=\"https:\/\/www.jurissecours.org\/index.php\/tag\/financement\/\" rel=\"tag\">financement<\/a>, <a href=\"https:\/\/www.jurissecours.org\/index.php\/tag\/financement-participatif\/\" rel=\"tag\">financement participatif<\/a>, <a href=\"https:\/\/www.jurissecours.org\/index.php\/tag\/fondation-monoprix\/\" rel=\"tag\">Fondation Monoprix<\/a>, <a href=\"https:\/\/www.jurissecours.org\/index.php\/tag\/juris-secours\/\" rel=\"tag\">Juris Secours<\/a>, <a href=\"https:\/\/www.jurissecours.org\/index.php\/tag\/point-ecoute-femmes\/\" rel=\"tag\">Point Ecoute Femmes<\/a><\/div>\r\n\t\t\t\t\t<\/div>\r\n\t<\/div>\r\n<\/div>\r\n<div class=\"wpspw-post-grid wpspw-medium-4 wpspw-columns \">\r\n\t<div class=\"wpspw-post-grid-content no-thumb-image \">\r\n\r\n\t\t\r\n\t\t<div class=\"wpspw-post-details-wrapper\">\r\n\t\t\t\t\t\t\t<div class=\"wpspw-post-categories\"><a href=\"https:\/\/www.jurissecours.org\/index.php\/category\/non-classe\/\">Non class\u00e9<\/a><\/div>\r\n\t\t\t\r\n\t\t\t<h2 class=\"wpspw-post-title\">\r\n\t\t\t\t<a href=\"https:\/\/www.jurissecours.org\/index.php\/2019\/09\/20\/projet-13sages-juris-secours-par-son-travail-de-proximite-apporte-chaque-semaine-une-aide-juridique-aux-migrant-e-s\/\">Projet 13&rsquo;S\u00e2ges : une aide juridique aux migrant-e-s<\/a>\r\n\t\t\t<\/h2>\r\n\r\n\t\t\t\t\t\t\t<div class=\"wpspw-post-content\">\r\n\t\t\t\t\t\t\t\t\t\t\t<div>Projet 13'S\u00e2ges \u00a0 Juris Secours, par son travail de proximit\u00e9 apporte chaque semaine son aide juridique aux migrant-e-s. Portraits r\u00e9alis\u00e9s...<\/div>\r\n\t\t\t\t\t\t<a class=\"wpspw-readmorebtn\" href=\"https:\/\/www.jurissecours.org\/index.php\/2019\/09\/20\/projet-13sages-juris-secours-par-son-travail-de-proximite-apporte-chaque-semaine-une-aide-juridique-aux-migrant-e-s\/\">Read More<\/a>\r\n\t\t\t\t\t\t\t\t\t\t<\/div>\r\n\t\t\t\t\t<\/div>\r\n\t<\/div>\r\n<\/div>\r\n<div class=\"wpspw-post-grid wpspw-medium-4 wpspw-columns \">\r\n\t<div class=\"wpspw-post-grid-content no-thumb-image \">\r\n\r\n\t\t\r\n\t\t<div class=\"wpspw-post-details-wrapper\">\r\n\t\t\t\t\t\t\t<div class=\"wpspw-post-categories\"><a href=\"https:\/\/www.jurissecours.org\/index.php\/category\/agenda\/\">Agenda<\/a><\/div>\r\n\t\t\t\r\n\t\t\t<h2 class=\"wpspw-post-title\">\r\n\t\t\t\t<a href=\"https:\/\/www.jurissecours.org\/index.php\/2018\/11\/25\/le-samedi-24-novembre-2018-la-marche-contre-les-violences-sexuelles-et-sexistes\/\">Le samedi 24 novembre 2018, marchons contre les violences sexuelles et sexistes !<\/a>\r\n\t\t\t<\/h2>\r\n\r\n\t\t\t\t\t\t\t<div class=\"wpspw-post-content\">\r\n\t\t\t\t\t\t\t\t\t\t\t<div>LE SAMEDI 24 NOVEMBRE 2018, RETROUVEZ-NOUS PLACE DE L'OPERA (PARIS 9e) A 14H ! MARCHONS ENSEMBLE CONTRE LES VIOLENCES SEXUELLES...<\/div>\r\n\t\t\t\t\t\t<a class=\"wpspw-readmorebtn\" href=\"https:\/\/www.jurissecours.org\/index.php\/2018\/11\/25\/le-samedi-24-novembre-2018-la-marche-contre-les-violences-sexuelles-et-sexistes\/\">Read More<\/a>\r\n\t\t\t\t\t\t\t\t\t\t<\/div>\r\n\t\t\t\t\t<\/div>\r\n\t<\/div>\r\n<\/div>\r\n<div class=\"wpspw-post-grid wpspw-medium-4 wpspw-columns first\">\r\n\t<div class=\"wpspw-post-grid-content no-thumb-image \">\r\n\r\n\t\t\r\n\t\t<div class=\"wpspw-post-details-wrapper\">\r\n\t\t\t\t\t\t\t<div class=\"wpspw-post-categories\"><a href=\"https:\/\/www.jurissecours.org\/index.php\/category\/agenda\/\">Agenda<\/a><\/div>\r\n\t\t\t\r\n\t\t\t<h2 class=\"wpspw-post-title\">\r\n\t\t\t\t<a href=\"https:\/\/www.jurissecours.org\/index.php\/2018\/11\/24\/le-mercredi-17-octobre-2018-journee-mondiale-du-refus-de-la-misere\/\">Le mercredi 17 octobre 2018, journ\u00e9e mondiale du refus de la mis\u00e8re<\/a>\r\n\t\t\t<\/h2>\r\n\r\n\t\t\t\t\t\t\t<div class=\"wpspw-post-content\">\r\n\t\t\t\t\t\t\t\t\t\t\t<div>Le mercredi 17 octobre 2018, JOURNEE MONDIALE DU REFUS DE LA MISERE, Juris Secours s'engage en r\u00e9pondant gratuitement aux questions...<\/div>\r\n\t\t\t\t\t\t<a class=\"wpspw-readmorebtn\" href=\"https:\/\/www.jurissecours.org\/index.php\/2018\/11\/24\/le-mercredi-17-octobre-2018-journee-mondiale-du-refus-de-la-misere\/\">Read More<\/a>\r\n\t\t\t\t\t\t\t\t\t\t<\/div>\r\n\t\t\t\t\t<\/div>\r\n\t<\/div>\r\n<\/div>\r\n<div class=\"wpspw-post-grid wpspw-medium-4 wpspw-columns \">\r\n\t<div class=\"wpspw-post-grid-content no-thumb-image \">\r\n\r\n\t\t\r\n\t\t<div class=\"wpspw-post-details-wrapper\">\r\n\t\t\t\t\t\t\t<div class=\"wpspw-post-categories\"><a href=\"https:\/\/www.jurissecours.org\/index.php\/category\/article\/\">Article<\/a><\/div>\r\n\t\t\t\r\n\t\t\t<h2 class=\"wpspw-post-title\">\r\n\t\t\t\t<a href=\"https:\/\/www.jurissecours.org\/index.php\/2018\/04\/05\/premier-article-de-blog\/\">Le Rapport d&rsquo;Activit\u00e9 2017 est en ligne !<\/a>\r\n\t\t\t<\/h2>\r\n\r\n\t\t\t\t\t\t\t<div class=\"wpspw-post-content\">\r\n\t\t\t\t\t\t\t\t\t\t\t<div>Gr\u00e2ce \u00e0 l\u2019action de ses salari\u00e9s, avocats, psychologues, stagiaires et b\u00e9n\u00e9voles, Juris Secours a apport\u00e9 son aide \u00e0 de nombreux...<\/div>\r\n\t\t\t\t\t\t<a class=\"wpspw-readmorebtn\" href=\"https:\/\/www.jurissecours.org\/index.php\/2018\/04\/05\/premier-article-de-blog\/\">Read More<\/a>\r\n\t\t\t\t\t\t\t\t\t\t<\/div>\r\n\t\t\t\t\t<\/div>\r\n\t<\/div>\r\n<\/div>\r\n\t\t\t\t\t<\/div>\r\n\r\n\t\n<p>&nbsp;<\/p>\n<p>&nbsp;<\/p>\n","protected":false},"excerpt":{"rendered":"<p>&nbsp; &nbsp;<\/p>\n","protected":false},"author":1,"featured_media":0,"parent":0,"menu_order":0,"comment_status":"closed","ping_status":"closed","template":"","meta":{"jetpack_post_was_ever_published":false,"footnotes":""},"jetpack_sharing_enabled":true,"jetpack_shortlink":"https:\/\/wp.me\/P9VDbi-5T","_links":{"self":[{"href":"https:\/\/www.jurissecours.org\/index.php\/wp-json\/wp\/v2\/pages\/365"}],"collection":[{"href":"https:\/\/www.jurissecours.org\/index.php\/wp-json\/wp\/v2\/pages"}],"about":[{"href":"https:\/\/www.jurissecours.org\/index.php\/wp-json\/wp\/v2\/types\/page"}],"author":[{"embeddable":true,"href":"https:\/\/www.jurissecours.org\/index.php\/wp-json\/wp\/v2\/users\/1"}],"replies":[{"embeddable":true,"href":"https:\/\/www.jurissecours.org\/index.php\/wp-json\/wp\/v2\/comments?post=365"}],"version-history":[{"count":11,"href":"https:\/\/www.jurissecours.org\/index.php\/wp-json\/wp\/v2\/pages\/365\/revisions"}],"predecessor-version":[{"id":684,"href":"https:\/\/www.jurissecours.org\/index.php\/wp-json\/wp\/v2\/pages\/365\/revisions\/684"}],"wp:attachment":[{"href":"https:\/\/www.jurissecours.org\/index.php\/wp-json\/wp\/v2\/media?parent=365"}],"curies":[{"name":"wp","href":"https:\/\/api.w.org\/{rel}","templated":true}]}}