{"id":376,"date":"2018-11-24T14:36:55","date_gmt":"2018-11-24T13:36:55","guid":{"rendered":"http:\/\/jurissecours.fr\/?page_id=376"},"modified":"2022-05-31T16:54:56","modified_gmt":"2022-05-31T14:54:56","slug":"agir-avec-nous","status":"publish","type":"page","link":"https:\/\/www.jurissecours.org\/index.php\/agir-avec-nous\/","title":{"rendered":"Agir avec nous"},"content":{"rendered":"\t\t<div data-elementor-type=\"wp-post\" data-elementor-id=\"376\" class=\"elementor elementor-376\">\n\t\t\t\t\t\t\t\t\t<section class=\"elementor-section elementor-top-section elementor-element elementor-element-29bc0a6f elementor-section-boxed elementor-section-height-default elementor-section-height-default\" data-id=\"29bc0a6f\" data-element_type=\"section\">\n\t\t\t\t\t\t<div class=\"elementor-container elementor-column-gap-default\">\n\t\t\t\t\t<div class=\"elementor-column elementor-col-100 elementor-top-column elementor-element elementor-element-6bc8f045\" data-id=\"6bc8f045\" data-element_type=\"column\">\n\t\t\t<div class=\"elementor-widget-wrap elementor-element-populated\">\n\t\t\t\t\t\t\t\t<div class=\"elementor-element elementor-element-767105b8 elementor-widget elementor-widget-text-editor\" data-id=\"767105b8\" data-element_type=\"widget\" data-widget_type=\"text-editor.default\">\n\t\t\t\t<div class=\"elementor-widget-container\">\n\t\t\t\t\t\t\t<p><span style=\"color: #000000;\">Vous souhaitez agir en faveur de l&rsquo;acc\u00e8s au Droit et \u00e0 la Justice pour toutes et tous ? \u00a0<\/span><\/p><p><span style=\"color: #000000;\">Devenez b\u00e9n\u00e9vole, donateur, membre, partenaire de Juris Secours !<\/span><\/p>\t\t\t\t\t\t<\/div>\n\t\t\t\t<\/div>\n\t\t\t\t<div class=\"elementor-element elementor-element-1eb3c91 elementor-widget elementor-widget-html\" data-id=\"1eb3c91\" data-element_type=\"widget\" data-widget_type=\"html.default\">\n\t\t\t\t<div class=\"elementor-widget-container\">\n\t\t\t<head><link rel=\"stylesheet\" href=\"https:\/\/stackpath.bootstrapcdn.com\/bootstrap\/4.1.3\/css\/bootstrap.min.css\" integrity=\"sha384-MCw98\/SFnGE8fJT3GXwEOngsV7Zt27NXFoaoApmYm81iuXoPkFOJwJ8ERdknLPMO\" crossorigin=\"anonymous\">\n<style>\nbutton{height:80px;width:150px;}\nbutton span{font-size:1.2em;}\n<\/style>\n<\/head>\n\n<body>\n<div align=\"center\">\n<a href=\"http:\/\/jurissecours.fr\/index.php\/etre-benevole\/\">\n<button type=\"button\" class=\"btn btn-primary\">\n    \n    <span>\u00catre b\u00e9n\u00e9vole<\/span>\n    \n<\/button>\n<\/a>\n&emsp;&emsp;&emsp;\n\n<a href=\"http:\/\/jurissecours.fr\/index.php\/nous-rejoindre\/\">\n<button type=\"button\" class=\"btn btn-success\">\n<span>Nous rejoindre<\/span>\n<\/button>\n<\/a>\n\n<br><br>\n<a href=\"http:\/\/jurissecours.fr\/index.php\/etre-partenaire\/\">\n<button type=\"button\" class=\"btn btn-info\">\n<span>\u00catre partenaire<\/span>\n<\/button>\n<\/a>\n&emsp;&emsp;&emsp;\n<a href=\"http:\/\/jurissecours.fr\/index.php\/donner\/\/\">\n<button type=\"button\" class=\"btn btn-secondary\">\n<span>Donner<\/span>\n<\/button>\n<\/a>\n\n<\/div>\n<\/body>\n\t\t<\/div>\n\t\t\t\t<\/div>\n\t\t\t\t\t<\/div>\n\t\t<\/div>\n\t\t\t\t\t\t\t<\/div>\n\t\t<\/section>\n\t\t\t\t\t\t\t<\/div>\n\t\t","protected":false},"excerpt":{"rendered":"<p>Vous souhaitez agir en faveur de l&rsquo;acc\u00e8s au Droit et \u00e0 la Justice pour toutes et tous ? \u00a0 Devenez b\u00e9n\u00e9vole, donateur, membre, partenaire de Juris Secours ! \u00catre b\u00e9n\u00e9vole &emsp;&emsp;&emsp; Nous rejoindre \u00catre partenaire &emsp;&emsp;&emsp; Donner<\/p>\n","protected":false},"author":1,"featured_media":0,"parent":0,"menu_order":0,"comment_status":"closed","ping_status":"closed","template":"","meta":{"jetpack_post_was_ever_published":false,"footnotes":""},"jetpack_sharing_enabled":true,"jetpack_shortlink":"https:\/\/wp.me\/P9VDbi-64","_links":{"self":[{"href":"https:\/\/www.jurissecours.org\/index.php\/wp-json\/wp\/v2\/pages\/376"}],"collection":[{"href":"https:\/\/www.jurissecours.org\/index.php\/wp-json\/wp\/v2\/pages"}],"about":[{"href":"https:\/\/www.jurissecours.org\/index.php\/wp-json\/wp\/v2\/types\/page"}],"author":[{"embeddable":true,"href":"https:\/\/www.jurissecours.org\/index.php\/wp-json\/wp\/v2\/users\/1"}],"replies":[{"embeddable":true,"href":"https:\/\/www.jurissecours.org\/index.php\/wp-json\/wp\/v2\/comments?post=376"}],"version-history":[{"count":13,"href":"https:\/\/www.jurissecours.org\/index.php\/wp-json\/wp\/v2\/pages\/376\/revisions"}],"predecessor-version":[{"id":2776,"href":"https:\/\/www.jurissecours.org\/index.php\/wp-json\/wp\/v2\/pages\/376\/revisions\/2776"}],"wp:attachment":[{"href":"https:\/\/www.jurissecours.org\/index.php\/wp-json\/wp\/v2\/media?parent=376"}],"curies":[{"name":"wp","href":"https:\/\/api.w.org\/{rel}","templated":true}]}}