{"id":379,"date":"2018-11-24T14:37:25","date_gmt":"2018-11-24T13:37:25","guid":{"rendered":"http:\/\/jurissecours.fr\/?page_id=379"},"modified":"2024-02-21T15:30:37","modified_gmt":"2024-02-21T14:30:37","slug":"etre-benevole","status":"publish","type":"page","link":"https:\/\/www.jurissecours.org\/index.php\/etre-benevole\/","title":{"rendered":"\u00catre b\u00e9n\u00e9vole"},"content":{"rendered":"<p>Vous pouvez nous \u00e9crire \u00e0 l&rsquo;adresse contact@jurissecours.org !<\/p>\n<h2><\/h2>\n<p style=\"text-align: justify;\">\n","protected":false},"excerpt":{"rendered":"<p>Vous pouvez nous \u00e9crire \u00e0 l&rsquo;adresse contact@jurissecours.org !<\/p>\n","protected":false},"author":1,"featured_media":0,"parent":0,"menu_order":0,"comment_status":"closed","ping_status":"closed","template":"","meta":{"jetpack_post_was_ever_published":false,"footnotes":""},"jetpack_sharing_enabled":true,"jetpack_shortlink":"https:\/\/wp.me\/P9VDbi-67","_links":{"self":[{"href":"https:\/\/www.jurissecours.org\/index.php\/wp-json\/wp\/v2\/pages\/379"}],"collection":[{"href":"https:\/\/www.jurissecours.org\/index.php\/wp-json\/wp\/v2\/pages"}],"about":[{"href":"https:\/\/www.jurissecours.org\/index.php\/wp-json\/wp\/v2\/types\/page"}],"author":[{"embeddable":true,"href":"https:\/\/www.jurissecours.org\/index.php\/wp-json\/wp\/v2\/users\/1"}],"replies":[{"embeddable":true,"href":"https:\/\/www.jurissecours.org\/index.php\/wp-json\/wp\/v2\/comments?post=379"}],"version-history":[{"count":13,"href":"https:\/\/www.jurissecours.org\/index.php\/wp-json\/wp\/v2\/pages\/379\/revisions"}],"predecessor-version":[{"id":5592,"href":"https:\/\/www.jurissecours.org\/index.php\/wp-json\/wp\/v2\/pages\/379\/revisions\/5592"}],"wp:attachment":[{"href":"https:\/\/www.jurissecours.org\/index.php\/wp-json\/wp\/v2\/media?parent=379"}],"curies":[{"name":"wp","href":"https:\/\/api.w.org\/{rel}","templated":true}]}}