{"id":538,"date":"2018-11-24T19:12:39","date_gmt":"2018-11-24T18:12:39","guid":{"rendered":"http:\/\/jurissecours.fr\/?page_id=538"},"modified":"2024-02-21T15:38:49","modified_gmt":"2024-02-21T14:38:49","slug":"offre-de-stage","status":"publish","type":"page","link":"https:\/\/www.jurissecours.org\/index.php\/offre-de-stage\/","title":{"rendered":"Offre de Stage"},"content":{"rendered":"<h2><strong><span style=\"color: #008080;\">Juriste, El\u00e8ve-avocat, \u00e9tudiant en Droit<\/span><\/strong><\/h2>\n<p><span style=\"color: #000000;\"><em>Devenez stagiaire chez Juris Secours : nous recrutons actuellement des stagiaires pour des stages d\u00e9butant \u00a0en Octobre 2024.\u00a0<\/em><\/span><\/p>\n<p><span style=\"color: #000000;\">T\u00e9l\u00e9charger l&rsquo;offre de stage :\u00a0\u00a0<a title=\"Stage Acc\u00e8s au Droit\" href=\"http:\/\/jurissecours.fr\/wp-content\/uploads\/2018\/04\/stage-accecc80s-au-droit.pdf\">Stage Acc\u00e8s au Droit<\/a><\/span><\/p>\n","protected":false},"excerpt":{"rendered":"<p>Juriste, El\u00e8ve-avocat, \u00e9tudiant en Droit Devenez stagiaire chez Juris Secours : nous recrutons actuellement des stagiaires pour des stages d\u00e9butant \u00a0en Octobre 2024.\u00a0 T\u00e9l\u00e9charger l&rsquo;offre de stage :\u00a0\u00a0Stage Acc\u00e8s au Droit<\/p>\n","protected":false},"author":1,"featured_media":0,"parent":0,"menu_order":0,"comment_status":"closed","ping_status":"closed","template":"","meta":{"jetpack_post_was_ever_published":false,"footnotes":""},"jetpack_sharing_enabled":true,"jetpack_shortlink":"https:\/\/wp.me\/P9VDbi-8G","_links":{"self":[{"href":"https:\/\/www.jurissecours.org\/index.php\/wp-json\/wp\/v2\/pages\/538"}],"collection":[{"href":"https:\/\/www.jurissecours.org\/index.php\/wp-json\/wp\/v2\/pages"}],"about":[{"href":"https:\/\/www.jurissecours.org\/index.php\/wp-json\/wp\/v2\/types\/page"}],"author":[{"embeddable":true,"href":"https:\/\/www.jurissecours.org\/index.php\/wp-json\/wp\/v2\/users\/1"}],"replies":[{"embeddable":true,"href":"https:\/\/www.jurissecours.org\/index.php\/wp-json\/wp\/v2\/comments?post=538"}],"version-history":[{"count":6,"href":"https:\/\/www.jurissecours.org\/index.php\/wp-json\/wp\/v2\/pages\/538\/revisions"}],"predecessor-version":[{"id":5594,"href":"https:\/\/www.jurissecours.org\/index.php\/wp-json\/wp\/v2\/pages\/538\/revisions\/5594"}],"wp:attachment":[{"href":"https:\/\/www.jurissecours.org\/index.php\/wp-json\/wp\/v2\/media?parent=538"}],"curies":[{"name":"wp","href":"https:\/\/api.w.org\/{rel}","templated":true}]}}